{"id":539,"date":"2019-01-21T04:38:48","date_gmt":"2019-01-21T04:38:48","guid":{"rendered":"https:\/\/4lifedirect-a.eu-west-1.elasticbeanstalk.com\/hu-landing\/?page_id=539"},"modified":"2019-04-29T14:18:01","modified_gmt":"2019-04-29T14:18:01","slug":"lp4","status":"publish","type":"page","link":"https:\/\/www.4lifedirect.hu\/landing\/partners\/lp4\/","title":{"rendered":"4Life Direct"},"content":{"rendered":"<div id=\"pl-539\"  class=\"panel-layout\" ><div id=\"pg-539-0\"  class=\"panel-grid panel-has-style\" ><div class=\"poland-home panel-row-style panel-row-style-for-539-0\" ><div id=\"pgc-539-0-0\"  class=\"panel-grid-cell\" ><div id=\"panel-539-0-0-0\" class=\"so-panel widget widget_sow-editor panel-first-child\" data-index=\"0\" ><div\n\t\t\t\n\t\t\tclass=\"so-widget-sow-editor so-widget-sow-editor-base\"\n\t\t\t\n\t\t><h3 class=\"widget-title\">First-Section (Form and Background Image)<\/h3>\n<div class=\"siteorigin-widget-tinymce textwidget\">\n\t<section class=\"page-sections first-block first-section-background\" style=\"background-image: url(https:\/\/dh81i0r4vs256.cloudfront.net\/wp-content\/uploads\/sites\/7\/2019\/01\/4_Door_v1.jpg);\">\n    <div class=\"section-header-block\">K\u00e9rje az ingyenes \u00e9letbiztos\u00edt\u00e1si kalkul\u00e1ci\u00f3t<\/div>\n    <div class=\"container\">\n        <div class=\"\">\n            <div class=\"row\">\n                <div class=\"col-sm-12 col-xs-12 padding-zero mutistep-form-block\">\n                    <div class=\"col-lg-6 col-lg-offset-3 col-md-6 col-md-offset-3\" id=\"formContainer\">\n\n\n                                \n\n                                <div class=\"col-6 mx-auto\">\n                                    \n\n\n<div class=\"progress\">\n    <div id=\"progressBar\" class=\"progress-bar bg-info\" role=\"progressbar\" style=\"width: 15%;\" aria-valuenow=\"0\" aria-valuemin=\"0\" aria-valuemax=\"100\">Folyamat: 0%<\/div>\n<\/div>\n<form action=\"javascript:;\" data-ajax=\"true\" data-ajax-begin=\"HideForm\" data-ajax-loading=\"#loading\" data-ajax-method=\"POST\" data-ajax-mode=\"replace\" data-ajax-update=\"#formContainer\" id=\"myForm\" method=\"post\" novalidate=\"\"><input name=\"__RequestVerificationToken\" type=\"hidden\" value=\"ahmDEMMku5LJpONe3KM0W66ZkV2Adu_TD40F42VrXJmSB5tr0tGzOcKp8d5rZ5LJOrIKUyVd9EA0Z609hvazjtUAe2IU-Xc4vCCodb-IjDA1\"\/><div id=\"formWrapper\">\n    <div class=\"form-section current\">\n        <h3 style=\"text-align:left;\">Az \u00d6n \u00e9letkora:<\/h3>\n        <div id=\"ageForm\">\n            <label class=\"formLabel\"><input type=\"radio\" name=\"age\" required=\"\" value=\"50 \u00e9v alatt\" data-parsley-errors-container=\"#ageError\" data-parsley-multiple=\"age\" data-parsley-group=\"block-0\"\/><span>50 \u00e9v alatt<\/span><\/label><br \/>\n            <label class=\"formLabel\"><input type=\"radio\" name=\"age\" value=\"50-59\" data-parsley-errors-container=\"#ageError\" data-parsley-multiple=\"age\" data-parsley-group=\"block-0\"\/><span>50 - 59<\/span><\/label><br \/>\n            <label class=\"formLabel\"><input type=\"radio\" name=\"age\" value=\"60-69\" data-parsley-errors-container=\"#ageError\" data-parsley-multiple=\"age\" data-parsley-group=\"block-0\"\/><span>60 - 69<\/span><\/label><br \/>\n            <label class=\"formLabel\"><input type=\"radio\" name=\"age\" value=\"70-85\" data-parsley-errors-container=\"#ageError\" data-parsley-multiple=\"age\" data-parsley-group=\"block-0\"\/><span>70 - 85<\/span><\/label><br \/>\n            \n        <\/div>\n        <div id=\"ageError\">\n\n        <\/div>\n        <div class=\"form-navigation\">\n\n            <button type=\"button\" class=\"next btn btn-info pull-right\" id=\"btnNext\" style=\"white-space: normal;\" data-parsley-group=\"block-0\">Konstrukci\u00f3 keres\u00e9se \u00bb<br \/><em>Csak egy percet vesz ig\u00e9nybe<\/em><\/button>\n            <input type=\"submit\" class=\"btn btn-default pull-right\" data-parsley-group=\"block-0\" style=\"display: none;\"\/>\n            <span class=\"clearfix\"><\/span>\n        <\/div>\n        <div class=\"privacyPolicyNote\">\n            <i class=\"fa fa-lock\" aria-hidden=\"true\"><\/i>\n            <span>A 4Life Direct Kft. adatv\u00e9delmi <a href=\"https:\/\/www.4lifedirect.hu\/adatvedelem\/\" target=\"_blank\">szab\u00e1lyzat\u00e1t itt tal\u00e1lja<\/a><\/span>\n        <\/div>\n    <\/div>\n    <div class=\"form-section\">\n\n        <label for=\"gender\">\u00d6n:<\/label><br \/>\n        <div class=\"row\" id=\"genderContainer\">\n            <div class=\"col-md-5\">\n                <label>\n                    <input type=\"radio\" name=\"gender\" required=\"\" value=\"Ms\" data-parsley-errors-container=\"#genderError\" data-parsley-multiple=\"gender\" data-parsley-group=\"block-1\"\/>\n                    <img decoding=\"async\" alt=\"\" src=\"https:\/\/dh81i0r4vs256.cloudfront.net\/wp-content\/uploads\/sites\/7\/2018\/09\/woman.png\"\/>\n                    <span id=\"womanDesc\">\n                        N\u0151\n                    <\/span>\n                <\/label>\n\n                <div>\n\n                <\/div>\n            <\/div>\n            <div class=\"col-md-5 col-md-offset-2\">\n                <label>\n                    <input type=\"radio\" name=\"gender\" required=\"\" value=\"Mr\" data-parsley-errors-container=\"#genderError\" data-parsley-multiple=\"gender\" data-parsley-group=\"block-1\"\/>\n                    <img decoding=\"async\" alt=\"\" src=\"https:\/\/dh81i0r4vs256.cloudfront.net\/wp-content\/uploads\/sites\/7\/2018\/09\/man.png\"\/>\n                    <span id=\"manDesc\">\n                        F\u00e9rfi\n                    <\/span>\n                <\/label>\n            <\/div>\n        <\/div>\n        <div id=\"genderError\">\n\n        <\/div>\n        <div class=\"form-navigation\">\n\n            <button type=\"button\" class=\"next btn btn-info pull-right\" id=\"btnNext\" data-parsley-group=\"block-1\">Tov\u00e1bb<\/button>\n            <button type=\"button\" class=\"previous btn btn-info pull-left\" id=\"btnPrevious\" data-parsley-group=\"block-1\" style=\"display: none;\"><i class=\"fa fa-arrow-left\" aria-hidden=\"true\"><\/i> Vissza<\/button>\n\n            <span class=\"clearfix\"><\/span>\n        <\/div>\n        <div class=\"privacyPolicyNote\">\n            <i class=\"fa fa-lock\" aria-hidden=\"true\"><\/i>\n            <span>A 4Life Direct Kft. adatv\u00e9delmi <a href=\"https:\/\/www.4lifedirect.hu\/adatvedelem\/\" target=\"_blank\">szab\u00e1lyzat\u00e1t itt tal\u00e1lja<\/a><\/span>\n        <\/div>\n    <\/div>\n    <div class=\"form-section\">\n        <label for=\"phone\">Telefonsz\u00e1ma:<\/label>\n        <input type=\"text\" class=\"form-control\" name=\"phoneNumber\" required=\"\" id=\"textInput\" data-parsley-remote=\"\" data-parsley-remote-validator=\"checkNumber\" data-parsley-error-message=\"Helytelen telefonsz\u00e1m\" data-parsley-group=\"block-2\"\/>\n        <p class=\"small\">K\u00e9rj\u00fck, adja meg telefonsz\u00e1m\u00e1t a 06 \u00e9s a +36 el\u0151h\u00edv\u00f3sz\u00e1m n\u00e9lk\u00fcl. Pl. mobil: 201234567, vezet\u00e9kes: 12345678. K\u00f6sz\u00f6nj\u00fck!<\/p>\n        <div style=\"height:150px\">&nbsp;<\/div>\n        <div class=\"form-navigation\">\n\n            <button type=\"button\" class=\"next btn btn-info pull-right\" id=\"btnNext\" data-parsley-group=\"block-2\">Tov\u00e1bb<\/button>\n            <button type=\"button\" class=\"previous btn btn-info pull-left\" id=\"btnPrevious\" data-parsley-group=\"block-2\" style=\"display: none;\"><i class=\"fa fa-arrow-left\" aria-hidden=\"true\"><\/i> Vissza<\/button>\n            <span class=\"clearfix\"><\/span>\n        <\/div>\n        <div class=\"privacyPolicyNote\">\n            <i class=\"fa fa-lock\" aria-hidden=\"true\"><\/i>\n            <span>A 4Life Direct Kft. adatv\u00e9delmi <a href=\"https:\/\/www.4lifedirect.hu\/adatvedelem\/\">szab\u00e1lyzat\u00e1t itt tal\u00e1lja<\/a><\/span>\n        <\/div>\n    <\/div>\n        <div class=\"form-section\">\n            <label for=\"firstname\">Az \u00d6n teljes neve:<\/label>\n            <input type=\"text\" class=\"form-control\" name=\"name\" required=\"\" id=\"textInput\" data-parsley-group=\"block-3\"\/>\n\n            <div style=\"height:30px\">&nbsp;<\/div>\n            \n\n            <p class=\"small\">\n                Az al\u00e1bbi gomb megnyom\u00e1s\u00e1val \u00e9s adataim elk\u00fcld\u00e9s\u00e9vel hozz\u00e1j\u00e1rulok ahhoz, hogy kapcsolatfelv\u00e9tel c\u00e9lj\u00e1b\u00f3l elk\u00fcld\u00f6tt adataim kezelj\u00e9k.<br \/> A teljes adatv\u00e9delmi szab\u00e1lyzat megismer\u00e9se \u00e9rdek\u00e9ben kattintson <a href=\"https:\/\/www.4lifedirect.hu\/adatvedelem\/\" target=\"_blank\">ide<\/a>.\n            <\/p>\n            <input type=\"hidden\" name=\"personalAgree\" id=\"personalAgree\" value=\"0\" data-parsley-group=\"block-3\"\/>\n            <!-- <input type=\"hidden\" name=\"campaign\" id=\"campaign\" value=\"\" data-parsley-group=\"block-3\"\/> -->\n            <input type=\"hidden\" name=\"url\" id=\"url\" value=\"https:\/\/www.4lifedirect.hu\/\" data-parsley-group=\"block-3\"\/>\n            <input type=\"hidden\" name=\"ajax\" id=\"ajax\" value=\"True\" data-parsley-group=\"block-3\"\/>\n            <div style=\"height:30px\">&nbsp;<\/div>\n\n            <div class=\"form-navigation\">\n\n                <button type=\"submit\" class=\"btn btn-default pull-right\" id=\"btnNext\" data-parsley-group=\"block-3\" style=\"display: none;\">K\u00fcld<\/button>\n                <button type=\"button\" class=\"previous btn btn-info pull-left\" id=\"btnPrevious\" data-parsley-group=\"block-3\" style=\"display: none;\"><i class=\"fa fa-arrow-left\" aria-hidden=\"true\"><\/i> Vissza<\/button>\n\n                <span class=\"clearfix\"><\/span>\n            <\/div>\n            \n        <\/div>\n<\/div>\n\n<!-- Configure landing page here -->\n<input type=\"hidden\" name=\"country\" id=\"country\" value=\"HU\" \/>\n<input type=\"hidden\" name=\"platform\" id=\"platform\" value=\"Google\" \/>\n<input type=\"hidden\" name=\"campaign\" id=\"campaign\" value=\"370\" \/>\n\n<\/form>\n<div id=\"loading\" style=\"display: none;text-align:center;margin:30px 0px 30px 0px;\">\n    <h3>K\u00e9rj\u00fck, v\u00e1rjon<\/h3>\n    <i class=\"fa fa-spinner fa-spin fa-4x\"><\/i>\n    <p>Feldolgozzuk k\u00e9r\u00e9s\u00e9t<\/p>\n<\/div>\n\n                                <\/div>\n                   <\/div>\n                <\/div>\n            <\/div>\n        <\/div>\n    <\/div>\n<\/section><\/div>\n<\/div><\/div><div id=\"panel-539-0-0-1\" class=\"so-panel widget widget_sow-editor\" data-index=\"1\" ><div class=\"panel-widget-style panel-widget-style-for-539-0-0-1\" ><div\n\t\t\t\n\t\t\tclass=\"so-widget-sow-editor so-widget-sow-editor-base\"\n\t\t\t\n\t\t><h3 class=\"widget-title\">second-section<\/h3>\n<div class=\"siteorigin-widget-tinymce textwidget\">\n\t<section class=\"page-sections landing-home-page\">\n    <div class=\"container\">\n        <div class=\"row family-row team-block-row\">\n            <div class=\"about-block\"><label>Hogyan m\u0171k\u00f6dik?<\/label>\n                <div class=\"col-md-3 col-sm-6 col-xs-12 family-column\">\n                    <div class=\"about-block family-icons-block\">\n                        <img decoding=\"async\" src=\"https:\/\/dh81i0r4vs256.cloudfront.net\/wp-content\/uploads\/sites\/7\/2018\/09\/fp-benefits-01.png\" alt=\"map\"\/>\n                        <p>V\u00e1lassza ki a fizet\u00e9si m\u00f3dot <br \/><span>D\u00f6ntse el, hogyan szeretn\u00e9 fizetni a havi d\u00edjakat, vagy k\u00e9rjen tan\u00e1csot egy tapasztalt koll\u00e9g\u00e1nkt\u00f3l.<\/span><\/p>\n                    <\/div>\n                <\/div>\n                <div class=\"col-md-3 col-sm-6 col-xs-12 family-column\">\n                    <div class=\"about-block family-icons-block\">\n                        <img decoding=\"async\" src=\"https:\/\/dh81i0r4vs256.cloudfront.net\/wp-content\/uploads\/sites\/7\/2018\/09\/fp-benefits-02.png\" alt=\"map\"\/>\n                        <p>Biztos\u00edtsa be j\u00f6v\u0151j\u00e9t<br \/><span>Manaps\u00e1g a temet\u00e9sek \u00e1ra nagyon magas lehet, \u00e9s Magyarorsz\u00e1gon nincs k\u00f6telez\u0151 temet\u00e9si seg\u00e9ly. Egy megfelel\u0151 biztos\u00edt\u00e1s seg\u00edthet a k\u00f6lts\u00e9gek cs\u00f6kkent\u00e9s\u00e9ben.<\/span><\/p>\n                    <\/div>\n                <\/div>\n                <div class=\"col-md-3 col-sm-6 col-xs-12 family-column\">\n                    <div class=\"about-block family-icons-block\">\n                       <img decoding=\"async\" src=\"https:\/\/dh81i0r4vs256.cloudfront.net\/wp-content\/uploads\/sites\/7\/2018\/09\/fp-benefits-03.png\" alt=\"map\"\/>\n                        <p>Garant\u00e1lt elfogad\u00e1s <br \/><span>Garant\u00e1ltan k\u00f6thet szerz\u0151d\u00e9st, amennyiben 40 \u00e9s 85 \u00e9v k\u00f6z\u00f6tti magyarorsz\u00e1gi lakos. Jelentkez\u00e9skor nincs orvosi vizsg\u00e1lat. Minden aj\u00e1nlat ingyenes \u00e9s k\u00f6telezetts\u00e9gmentes.<\/span><\/p>\n                    <\/div>\n                <\/div>\n<div class=\"col-md-3 col-sm-6 col-xs-12 family-column\">\n                    <div class=\"about-block family-icons-block\">\n                       <img decoding=\"async\" src=\"https:\/\/dh81i0r4vs256.cloudfront.net\/wp-content\/uploads\/sites\/7\/2018\/09\/fp-benefits-04.png\" alt=\"map\"\/>\n                        <p>\u00c9ljen gondtalanul<br \/><span>K\u00e9sz\u00fclj\u00f6n fel most, \u00e9s ker\u00fclje el a j\u00f6v\u0151beli aggodalmakat. K\u00edm\u00e9lje meg mag\u00e1t \u00e9s csal\u00e1dj\u00e1t a felesleges gondokt\u00f3l.<\/span><\/p>\n                    <\/div>\n                <\/div>\n            <\/div>\n    <\/div>\n<\/div><\/section><\/div>\n<\/div><\/div><\/div><div id=\"panel-539-0-0-2\" class=\"so-panel widget widget_sow-editor panel-last-child\" data-index=\"2\" ><div class=\"third panel-widget-style panel-widget-style-for-539-0-0-2\" ><div\n\t\t\t\n\t\t\tclass=\"so-widget-sow-editor so-widget-sow-editor-base\"\n\t\t\t\n\t\t><h3 class=\"widget-title\">third-section<\/h3>\n<div class=\"siteorigin-widget-tinymce textwidget\">\n\t<section class=\"page-sections last-section\">\n    <div class=\"container\">\n        <div class=\"row family-row team-block-row\">\n            <div class=\"about-block\"><label>Hogyan seg\u00edthet\u00fcnk?<\/label>\n                <div class=\"col-md-4 col-sm-4 col-xs-12 family-column\">\n                    <div class=\"about-block family-icons-block\">\n                        <span class=\"number\">1<\/span>\n                        <p>V\u00e1laszoljon n\u00e9gy egyszer\u0171 k\u00e9rd\u00e9sre<\/p>\n                    <\/div>\n                <\/div>\n                <div class=\"col-md-4 col-sm-4 col-xs-12 family-column\">\n                    <div class=\"about-block family-icons-block\">\n                         <span class=\"number\">2<\/span>\n                        <p>Tal\u00e1lja meg az ig\u00e9nyeinek megfelel\u0151 \u00e9letbiztos\u00edt\u00e1st<\/p>\n                    <\/div>\n                <\/div>\n                <div class=\"col-md-4 col-sm-4 col-xs-12 family-column\">\n                    <div class=\"about-block family-icons-block\">\n                       <span class=\"number\">3<\/span>\n                        <p>Jusson az \u00d6n sz\u00e1m\u00e1ra legmegfelel\u0151bb biztos\u00edt\u00e1si v\u00e9delemhez<\/p>\n                    <\/div>\n                <\/div>\n            <\/div>\n    <\/div>\n<\/div><\/section><\/div>\n<\/div><\/div><\/div><\/div><\/div><\/div><\/div>","protected":false},"excerpt":{"rendered":"<p>K\u00e9rje az ingyenes \u00e9letbiztos\u00edt\u00e1si kalkul\u00e1ci\u00f3t Folyamat: 0% Az \u00d6n \u00e9letkora: 50 \u00e9v alatt 50 &#8211; 59 60 &#8211; 69 70 &#8211; 85 Konstrukci\u00f3 keres\u00e9se \u00bbCsak egy percet vesz ig\u00e9nybe A 4Life Direct Kft. adatv\u00e9delmi szab\u00e1lyzat\u00e1t itt tal\u00e1lja \u00d6n: N\u0151 F\u00e9rfi Tov\u00e1bb Vissza A 4Life Direct Kft. adatv\u00e9delmi szab\u00e1lyzat\u00e1t itt tal\u00e1lja Telefonsz\u00e1ma: K\u00e9rj\u00fck, adja meg telefonsz\u00e1m\u00e1t &hellip; <\/p>\n<p class=\"link-more\"><a href=\"https:\/\/www.4lifedirect.hu\/landing\/partners\/lp4\/\" class=\"more-link\">Continue reading<span class=\"screen-reader-text\"> &#8220;4Life Direct&#8221;<\/span><\/a><\/p>\n","protected":false},"author":2,"featured_media":0,"parent":529,"menu_order":0,"comment_status":"closed","ping_status":"closed","template":"","meta":[],"_links":{"self":[{"href":"https:\/\/www.4lifedirect.hu\/landing\/wp-json\/wp\/v2\/pages\/539"}],"collection":[{"href":"https:\/\/www.4lifedirect.hu\/landing\/wp-json\/wp\/v2\/pages"}],"about":[{"href":"https:\/\/www.4lifedirect.hu\/landing\/wp-json\/wp\/v2\/types\/page"}],"author":[{"embeddable":true,"href":"https:\/\/www.4lifedirect.hu\/landing\/wp-json\/wp\/v2\/users\/2"}],"replies":[{"embeddable":true,"href":"https:\/\/www.4lifedirect.hu\/landing\/wp-json\/wp\/v2\/comments?post=539"}],"version-history":[{"count":1,"href":"https:\/\/www.4lifedirect.hu\/landing\/wp-json\/wp\/v2\/pages\/539\/revisions"}],"predecessor-version":[{"id":551,"href":"https:\/\/www.4lifedirect.hu\/landing\/wp-json\/wp\/v2\/pages\/539\/revisions\/551"}],"up":[{"embeddable":true,"href":"https:\/\/www.4lifedirect.hu\/landing\/wp-json\/wp\/v2\/pages\/529"}],"wp:attachment":[{"href":"https:\/\/www.4lifedirect.hu\/landing\/wp-json\/wp\/v2\/media?parent=539"}],"curies":[{"name":"wp","href":"https:\/\/api.w.org\/{rel}","templated":true}]}}