{"id":35,"date":"2018-09-10T11:19:17","date_gmt":"2018-09-10T11:19:17","guid":{"rendered":"https:\/\/4lifedirect-a.eu-west-1.elasticbeanstalk.com\/hu\/?page_id=35"},"modified":"2019-07-22T16:29:24","modified_gmt":"2019-07-22T16:29:24","slug":"4life-direct","status":"publish","type":"page","link":"https:\/\/www.4lifedirect.hu\/landing\/","title":{"rendered":"Home"},"content":{"rendered":"<div id=\"pl-35\"  class=\"panel-layout\" ><div id=\"pg-35-0\"  class=\"panel-grid panel-has-style\" ><div class=\"poland-home panel-row-style panel-row-style-for-35-0\" ><div id=\"pgc-35-0-0\"  class=\"panel-grid-cell\" ><div id=\"panel-35-0-0-0\" class=\"so-panel widget widget_sow-editor panel-first-child\" data-index=\"0\" ><div\n\t\t\t\n\t\t\tclass=\"so-widget-sow-editor so-widget-sow-editor-base\"\n\t\t\t\n\t\t><h3 class=\"widget-title\">First-Section<\/h3>\n<div class=\"siteorigin-widget-tinymce textwidget\">\n\t<div class=\"siteorigin-widget-tinymce textwidget\">\n    <section class=\"page-sections first-block first-section-background\">\n        <div class=\"section-header-block\">\n            K\u00e9rje az ingyenes \u00e9letbiztos\u00edt\u00e1si kalkul\u00e1ci\u00f3t\n            <h1>\u00c9letbiztos\u00edt\u00e1si kalkul\u00e1ci\u00f3t<\/h1>\n        <\/div>\n        <div class=\"container\">\n            <div class=\"\">\n                <div class=\"row\">\n                    <div class=\"col-sm-12 col-xs-12 padding-zero mutistep-form-block\">\n                        <div id=\"formContainer\" class=\"col-lg-6 col-lg-offset-3 col-md-6 col-md-offset-3\">\n                            <div class=\"col-6 mx-auto\">\n                                <div class=\"progress\">\n                                    <div id=\"progressBar\" class=\"progress-bar bg-info\" style=\"width: 15%;\"\n                                        role=\"progressbar\" aria-valuenow=\"0\" aria-valuemin=\"0\" aria-valuemax=\"100\">\n                                        Folyamat: 0%<\/div>\n                                <\/div>\n                                <form id=\"myForm\" action=\"javascript:;\" method=\"post\" novalidate=\"\" data-ajax=\"true\"\n                                    data-ajax-begin=\"HideForm\" data-ajax-loading=\"#loading\" data-ajax-method=\"POST\"\n                                    data-ajax-mode=\"replace\" data-ajax-update=\"#formContainer\"><input name=\"__RequestVerificationToken\" type=\"hidden\"\n                                        value=\"ahmDEMMku5LJpONe3KM0W66ZkV2Adu_TD40F42VrXJmSB5tr0tGzOcKp8d5rZ5LJOrIKUyVd9EA0Z609hvazjtUAe2IU-Xc4vCCodb-IjDA1\" \/>\n                                    <div id=\"formWrapper\">\n                                        <div class=\"form-section current\">\n                                            <h3 style=\"text-align: left;\">Az \u00d6n \u00e9letkora:<\/h3>\n                                            <div id=\"ageForm\"><label class=\"formLabel\"><input name=\"age\" required=\"\"\n                                                        type=\"radio\" value=\"50 \u00e9v alatt\"\n                                                        data-parsley-errors-container=\"#ageError\"\n                                                        data-parsley-multiple=\"age\"\n                                                        data-parsley-group=\"block-0\" \/><span>50 \u00e9v alatt<\/span>\n                                                <\/label>\n                                                <label class=\"formLabel\"><input name=\"age\" type=\"radio\" value=\"50-59\"\n                                                        data-parsley-errors-container=\"#ageError\"\n                                                        data-parsley-multiple=\"age\"\n                                                        data-parsley-group=\"block-0\" \/><span>50 - 59<\/span>\n                                                <\/label>\n                                                <label class=\"formLabel\"><input name=\"age\" type=\"radio\" value=\"60-69\"\n                                                        data-parsley-errors-container=\"#ageError\"\n                                                        data-parsley-multiple=\"age\"\n                                                        data-parsley-group=\"block-0\" \/><span>60 - 69<\/span>\n                                                <\/label>\n                                                <label class=\"formLabel\"><input name=\"age\" type=\"radio\" value=\"70-85\"\n                                                        data-parsley-errors-container=\"#ageError\"\n                                                        data-parsley-multiple=\"age\"\n                                                        data-parsley-group=\"block-0\" \/><span>70 - 85<\/span>\n                                                <\/label>\n                                            <\/div>\n                                            <div id=\"ageError\"><\/div>\n                                            <div class=\"form-navigation\">\n\n                                                <button id=\"btnNext\" class=\"next btn btn-info pull-right\"\n                                                    style=\"white-space: normal;\" type=\"button\"\n                                                    data-parsley-group=\"block-0\">Konstrukci\u00f3 keres\u00e9se \u00bb<br \/>\n                                                    <em>Csak egy percet vesz ig\u00e9nybe<\/em><\/button>\n                                                <input class=\"btn btn-default pull-right\" style=\"display: none;\"\n                                                    type=\"submit\" data-parsley-group=\"block-0\" \/>\n\n                                            <\/div>\n                                            <div class=\"privacyPolicyNote\"><i class=\"fa fa-lock\" aria-hidden=\"true\"><\/i>\n                                                <span>A 4Life Direct Kft. adatv\u00e9delmi <a href=\"https:\/\/www.4lifedirect.hu\/adatvedelem\/\" target=\"_blank\"\n                                                        rel=\"noopener\">szab\u00e1lyzat\u00e1t itt tal\u00e1lja<\/a><\/span><\/div>\n                                        <\/div>\n                                        <div class=\"form-section\">\n\n                                            <label for=\"gender\">\u00d6n:<\/label><br \/>\n                                            <div id=\"genderContainer\" class=\"row\">\n                                                <div class=\"col-md-5\"><label>\n                                                        <input name=\"gender\" required=\"\" type=\"radio\" value=\"Ms\"\n                                                            data-parsley-errors-container=\"#genderError\"\n                                                            data-parsley-multiple=\"gender\"\n                                                            data-parsley-group=\"block-1\" \/>\n                                                        <img decoding=\"async\" src=\"https:\/\/dh81i0r4vs256.cloudfront.net\/wp-content\/uploads\/sites\/7\/2018\/09\/woman.png\"\n                                                            alt=\"\" \/>\n                                                        <span id=\"womanDesc\">\n                                                            N\u0151\n                                                        <\/span>\n                                                    <\/label>\n                                                    <div><\/div>\n                                                <\/div>\n                                                <div class=\"col-md-5 col-md-offset-2\"><label>\n                                                        <input name=\"gender\" required=\"\" type=\"radio\" value=\"Mr\"\n                                                            data-parsley-errors-container=\"#genderError\"\n                                                            data-parsley-multiple=\"gender\"\n                                                            data-parsley-group=\"block-1\" \/>\n                                                        <img decoding=\"async\" src=\"https:\/\/dh81i0r4vs256.cloudfront.net\/wp-content\/uploads\/sites\/7\/2018\/09\/man.png\"\n                                                            alt=\"\" \/>\n                                                        <span id=\"manDesc\">\n                                                            F\u00e9rfi\n                                                        <\/span>\n                                                    <\/label><\/div>\n                                            <\/div>\n                                            <div id=\"genderError\"><\/div>\n                                            <div class=\"form-navigation\">\n\n                                                <button id=\"btnNext\" class=\"next btn btn-info pull-right\" type=\"button\"\n                                                    data-parsley-group=\"block-1\">Tov\u00e1bb<\/button>\n                                                <button id=\"btnPrevious\" class=\"previous btn btn-info pull-left\"\n                                                    style=\"display: none;\" type=\"button\" data-parsley-group=\"block-1\"><i class=\"fa fa-arrow-left\" aria-hidden=\"true\"><\/i> Vissza<\/button>\n\n                                                &nbsp;\n\n                                            <\/div>\n                                            <div class=\"privacyPolicyNote\"><i class=\"fa fa-lock\" aria-hidden=\"true\"><\/i>\n                                                <span>A 4Life Direct Kft. adatv\u00e9delmi <a href=\"https:\/\/www.4lifedirect.hu\/adatvedelem\/\" target=\"_blank\"\n                                                        rel=\"noopener\">szab\u00e1lyzat\u00e1t itt tal\u00e1lja<\/a><\/span><\/div>\n                                        <\/div>\n                                        <div class=\"form-section\"><label for=\"phone\">Telefonsz\u00e1ma:<\/label>\n                                            <input id=\"textInput\" class=\"form-control\" name=\"phoneNumber\" required=\"\"\n                                                type=\"text\" data-parsley-remote=\"\"\n                                                data-parsley-remote-validator=\"checkNumber\"\n                                                data-parsley-error-message=\"Helytelen telefonsz\u00e1m\"\n                                                data-parsley-group=\"block-2\" \/>\n                                            <p class=\"small\">K\u00e9rj\u00fck, adja meg telefonsz\u00e1m\u00e1t a 06 \u00e9s a +36\n                                                el\u0151h\u00edv\u00f3sz\u00e1m<br \/>\n                                                n\u00e9lk\u00fcl. Pl. mobil: 201234567, vezet\u00e9kes: 12345678. K\u00f6sz\u00f6nj\u00fck!<\/p>\n\n                                            <div style=\"height: 150px;\"><\/div>\n                                            <div class=\"form-navigation\">\n\n                                                <button id=\"btnNext\" class=\"next btn btn-info pull-right\" type=\"button\"\n                                                    data-parsley-group=\"block-2\">Tov\u00e1bb<\/button>\n                                                <button id=\"btnPrevious\" class=\"previous btn btn-info pull-left\"\n                                                    style=\"display: none;\" type=\"button\" data-parsley-group=\"block-2\"><i class=\"fa fa-arrow-left\" aria-hidden=\"true\"><\/i> Vissza<\/button>\n\n                                            <\/div>\n                                            <div class=\"privacyPolicyNote\"><i class=\"fa fa-lock\" aria-hidden=\"true\"><\/i>\n                                                <span>A 4Life Direct Kft. adatv\u00e9delmi <a href=\"https:\/\/www.4lifedirect.hu\/adatvedelem\/\">szab\u00e1lyzat\u00e1t itt\n                                                        tal\u00e1lja<\/a><\/span><\/div>\n                                        <\/div>\n                                        <div class=\"form-section\"><label for=\"firstname\">Az \u00d6n teljes neve:<\/label>\n                                            <input id=\"textInput\" class=\"form-control\" name=\"name\" required=\"\"\n                                                type=\"text\" data-parsley-group=\"block-3\" \/>\n                                            <div style=\"height: 30px;\"><\/div>\n                                            <p class=\"small\">Az al\u00e1bbi gomb megnyom\u00e1s\u00e1val \u00e9s adataim elk\u00fcld\u00e9s\u00e9vel<br \/>\n                                                hozz\u00e1j\u00e1rulok ahhoz, hogy kapcsolatfelv\u00e9tel c\u00e9lj\u00e1b\u00f3l elk\u00fcld\u00f6tt\n                                                adataim<br \/>\n                                                kezelj\u00e9k.<br \/>\n                                                A teljes adatv\u00e9delmi szab\u00e1lyzat megismer\u00e9se \u00e9rdek\u00e9ben kattintson <a href=\"https:\/\/www.4lifedirect.hu\/adatvedelem\/\" target=\"_blank\"\n                                                    rel=\"noopener\">ide<\/a>.<\/p>\n                                            <input id=\"personalAgree\" name=\"personalAgree\" type=\"hidden\" value=\"0\"\n                                                data-parsley-group=\"block-3\" \/>\n                                            <!-- <input type=\"hidden\" name=\"campaign\" id=\"campaign\" value=\"\" data-parsley-group=\"block-3\"\/> -->\n                                            <input id=\"url\" name=\"url\" type=\"hidden\" value=\"https:\/\/www.4lifedirect.hu\/\"\n                                                data-parsley-group=\"block-3\" \/>\n                                            <input id=\"ajax\" name=\"ajax\" type=\"hidden\" value=\"True\"\n                                                data-parsley-group=\"block-3\" \/>\n                                            <div style=\"height: 30px;\"><\/div>\n                                            <div class=\"form-navigation\">\n\n                                                <button id=\"btnNext\" class=\"btn btn-default pull-right\"\n                                                    style=\"display: none;\" type=\"submit\"\n                                                    data-parsley-group=\"block-3\">K\u00fcld<\/button>\n                                                <button id=\"btnPrevious\" class=\"previous btn btn-info pull-left\"\n                                                    style=\"display: none;\" type=\"button\" data-parsley-group=\"block-3\"><i class=\"fa fa-arrow-left\" aria-hidden=\"true\"><\/i> Vissza<\/button>\n\n                                                &nbsp;\n\n                                            <\/div>\n                                        <\/div>\n                                    <\/div>\n                                    <!-- Configure landing page here -->\n                                    <input id=\"country\" name=\"country\" type=\"hidden\" value=\"HU\" \/>\n                                    <input id=\"platform\" name=\"platform\" type=\"hidden\" value=\"google\" \/>\n                                    <input id=\"campaign\" name=\"campaign\" type=\"hidden\" value=\"348\" \/>\n\n                                <\/form>\n                                <div id=\"loading\" style=\"display: none; text-align: center; margin: 30px 0px 30px 0px;\">\n                                    <h3>K\u00e9rj\u00fck, v\u00e1rjon<\/h3>\n                                    &nbsp;\n\n                                    <p>Feldolgozzuk k\u00e9r\u00e9s\u00e9t<\/p>\n\n                                <\/div>\n                            <\/div>\n                        <\/div>\n                    <\/div>\n                <\/div>\n            <\/div>\n        <\/div>\n    <\/section>\n<\/div><\/div>\n<\/div><\/div><div id=\"panel-35-0-0-1\" class=\"so-panel widget widget_sow-editor\" data-index=\"1\" ><div class=\"panel-widget-style panel-widget-style-for-35-0-0-1\" ><div\n\t\t\t\n\t\t\tclass=\"so-widget-sow-editor so-widget-sow-editor-base\"\n\t\t\t\n\t\t><h3 class=\"widget-title\">second-section<\/h3>\n<div class=\"siteorigin-widget-tinymce textwidget\">\n\t<div class=\"siteorigin-widget-tinymce textwidget\">\n    <section class=\"page-sections landing-home-page\">\n        <div class=\"container\">\n            <div class=\"row family-row team-block-row\">\n                <div class=\"about-block\">\n\n                    <label>Hogyan m\u0171k\u00f6dik?<\/label>\n                    <div class=\"col-md-3 col-sm-6 col-xs-12 family-column\">\n                        <div class=\"about-block family-icons-block\"><img decoding=\"async\" src=\"https:\/\/dh81i0r4vs256.cloudfront.net\/wp-content\/uploads\/sites\/7\/2018\/09\/fp-benefits-01.png\"\n                                alt=\"map\" \/><p>V\u00e1lassza ki a fizet\u00e9si m\u00f3dot<span>D\u00f6ntse el, hogyan szeretn\u00e9 fizetni a havi d\u00edjakat, vagy k\u00e9rjen tan\u00e1csot egy tapasztalt<br \/>koll\u00e9g\u00e1nkt\u00f3l.<\/span><\/p>\n                        <\/div>\n                    <\/div>\n                    <div class=\"col-md-3 col-sm-6 col-xs-12 family-column\">\n                        <div class=\"about-block family-icons-block\"><img decoding=\"async\" src=\"https:\/\/dh81i0r4vs256.cloudfront.net\/wp-content\/uploads\/sites\/7\/2018\/09\/fp-benefits-02.png\"\n                                alt=\"map\" \/><p>Biztos\u00edtsa be j\u00f6v\u0151j\u00e9t<span>Manaps\u00e1g a temet\u00e9sek \u00e1ra nagyon magas lehet, \u00e9s Magyarorsz\u00e1gon nincs k\u00f6telez\u0151 temet\u00e9si<br \/>seg\u00e9ly. Egy megfelel\u0151 biztos\u00edt\u00e1s seg\u00edthet a k\u00f6lts\u00e9gek cs\u00f6kkent\u00e9s\u00e9ben.<\/span><\/p>\n                        <\/div>\n                    <\/div>\n                    <div class=\"col-md-3 col-sm-6 col-xs-12 family-column\">\n                        <div class=\"about-block family-icons-block\"><img decoding=\"async\" src=\"https:\/\/dh81i0r4vs256.cloudfront.net\/wp-content\/uploads\/sites\/7\/2018\/09\/fp-benefits-03.png\"\n                                alt=\"map\" \/><p>Garant\u00e1lt elfogad\u00e1s<span>Garant\u00e1ltan k\u00f6thet szerz\u0151d\u00e9st, amennyiben 40 \u00e9s 85 \u00e9v k\u00f6z\u00f6tti magyarorsz\u00e1gi lakos.<br \/>Jelentkez\u00e9skor nincs orvosi vizsg\u00e1lat. Minden aj\u00e1nlat ingyenes \u00e9s k\u00f6telezetts\u00e9gmentes.<\/span><\/p>\n                        <\/div>\n                    <\/div>\n                    <div class=\"col-md-3 col-sm-6 col-xs-12 family-column\">\n                        <div class=\"about-block family-icons-block\"><img decoding=\"async\" src=\"https:\/\/dh81i0r4vs256.cloudfront.net\/wp-content\/uploads\/sites\/7\/2018\/09\/fp-benefits-04.png\"\n                                alt=\"map\" \/><p>\u00c9ljen gondtalanul<span>K\u00e9sz\u00fclj\u00f6n fel most, \u00e9s ker\u00fclje el a j\u00f6v\u0151beli aggodalmakat. K\u00edm\u00e9lje meg mag\u00e1t \u00e9s csal\u00e1dj\u00e1t a<br \/>felesleges gondokt\u00f3l.<\/span><\/p>\n\n                        <\/div>\n                    <\/div>\n                <\/div>\n            <\/div>\n        <\/div>\n    <\/section>\n<\/div><\/div>\n<\/div><\/div><\/div><div id=\"panel-35-0-0-2\" class=\"so-panel widget widget_sow-editor panel-last-child\" data-index=\"2\" ><div class=\"third panel-widget-style panel-widget-style-for-35-0-0-2\" ><div\n\t\t\t\n\t\t\tclass=\"so-widget-sow-editor so-widget-sow-editor-base\"\n\t\t\t\n\t\t><h3 class=\"widget-title\">third-section<\/h3>\n<div class=\"siteorigin-widget-tinymce textwidget\">\n\t<div class=\"siteorigin-widget-tinymce textwidget\">\n    <section class=\"page-sections last-section\">\n        <div class=\"container\">\n            <div class=\"row family-row team-block-row\">\n                <div class=\"about-block\">\n\n                    <label>Hogyan seg\u00edthet\u00fcnk?<\/label>\n                    <div class=\"col-md-4 col-sm-4 col-xs-12 family-column\">\n                        <div class=\"about-block family-icons-block\"><span class=\"number\">1<\/span>\n                            <p>V\u00e1laszoljon n\u00e9gy<br \/>egyszer\u0171 k\u00e9rd\u00e9sre<\/p>\n                        <\/div>\n                    <\/div>\n                    <div class=\"col-md-4 col-sm-4 col-xs-12 family-column\">\n                        <div class=\"about-block family-icons-block\"><span class=\"number\">2<\/span>\n                            <p>Tal\u00e1lja meg az<br \/>ig\u00e9nyeinek megfelel\u0151 \u00e9letbiztos\u00edt\u00e1st<\/p>\n\n                        <\/div>\n                    <\/div>\n                    <div class=\"col-md-4 col-sm-4 col-xs-12 family-column\">\n                        <div class=\"about-block family-icons-block\"><span class=\"number\">3<\/span>\n                            <p>Jusson az \u00d6n sz\u00e1m\u00e1ra<br \/>legmegfelel\u0151bb biztos\u00edt\u00e1si v\u00e9delemhez<\/p>\n                        <\/div>\n                    <\/div>\n                <\/div>\n            <\/div>\n        <\/div>\n    <\/section>\n<\/div><\/div>\n<\/div><\/div><\/div><\/div><\/div><\/div><\/div>","protected":false},"excerpt":{"rendered":"<p>K\u00e9rje az ingyenes \u00e9letbiztos\u00edt\u00e1si kalkul\u00e1ci\u00f3t \u00c9letbiztos\u00edt\u00e1si kalkul\u00e1ci\u00f3t Folyamat: 0% Az \u00d6n \u00e9letkora: 50 \u00e9v alatt 50 &#8211; 59 60 &#8211; 69 70 &#8211; 85 Konstrukci\u00f3 keres\u00e9se \u00bb Csak egy percet vesz ig\u00e9nybe A 4Life Direct Kft. adatv\u00e9delmi szab\u00e1lyzat\u00e1t itt tal\u00e1lja \u00d6n: N\u0151 F\u00e9rfi Tov\u00e1bb Vissza &nbsp; A 4Life Direct Kft. adatv\u00e9delmi szab\u00e1lyzat\u00e1t itt tal\u00e1lja Telefonsz\u00e1ma: &hellip; <\/p>\n<p class=\"link-more\"><a href=\"https:\/\/www.4lifedirect.hu\/landing\/\" class=\"more-link\">Continue reading<span class=\"screen-reader-text\"> &#8220;Home&#8221;<\/span><\/a><\/p>\n","protected":false},"author":2,"featured_media":0,"parent":0,"menu_order":0,"comment_status":"closed","ping_status":"closed","template":"","meta":[],"_links":{"self":[{"href":"https:\/\/www.4lifedirect.hu\/landing\/wp-json\/wp\/v2\/pages\/35"}],"collection":[{"href":"https:\/\/www.4lifedirect.hu\/landing\/wp-json\/wp\/v2\/pages"}],"about":[{"href":"https:\/\/www.4lifedirect.hu\/landing\/wp-json\/wp\/v2\/types\/page"}],"author":[{"embeddable":true,"href":"https:\/\/www.4lifedirect.hu\/landing\/wp-json\/wp\/v2\/users\/2"}],"replies":[{"embeddable":true,"href":"https:\/\/www.4lifedirect.hu\/landing\/wp-json\/wp\/v2\/comments?post=35"}],"version-history":[{"count":3,"href":"https:\/\/www.4lifedirect.hu\/landing\/wp-json\/wp\/v2\/pages\/35\/revisions"}],"predecessor-version":[{"id":561,"href":"https:\/\/www.4lifedirect.hu\/landing\/wp-json\/wp\/v2\/pages\/35\/revisions\/561"}],"wp:attachment":[{"href":"https:\/\/www.4lifedirect.hu\/landing\/wp-json\/wp\/v2\/media?parent=35"}],"curies":[{"name":"wp","href":"https:\/\/api.w.org\/{rel}","templated":true}]}}